{"id":1817,"date":"2025-02-20T11:12:49","date_gmt":"2025-02-20T16:12:49","guid":{"rendered":"https:\/\/veritableventure.cahome-3\/"},"modified":"2025-09-11T22:36:47","modified_gmt":"2025-09-12T02:36:47","slug":"home","status":"publish","type":"page","link":"https:\/\/veritableventure.ca\/fr\/","title":{"rendered":"Accueil"},"content":{"rendered":"<div class=\"wp-block-uagb-container uagb-block-344bf4c5 alignfull uagb-is-root-container\"><div class=\"uagb-container-inner-blocks-wrap\">\n<div class=\"wp-block-uagb-info-box uagb-block-c5e26958 uagb-infobox__content-wrap  uagb-infobox-icon-above-title uagb-infobox-image-valign-top wp-block-uagb-info-box--has-margin\"><div class=\"uagb-infobox-margin-wrapper\"><div class=\"uagb-ifb-content\"><div class=\"uagb-ifb-title-wrap\"><h1 class=\"uagb-ifb-title-prefix\">Investir, G\u00e9n\u00e9rer, Cro\u00eetre<\/h1><h2 class=\"uagb-ifb-title\">Votre chemin vers un revenu passif garanti.<\/h2><\/div><div class=\"uagb-ifb-button-wrapper wp-block-button\"><a href=\"#who-we-are\" class=\"uagb-infobox-cta-link wp-block-button__link\" target=\"_self\" rel=\"noopener noreferrer\" onclick=\"return true;\"><span class=\"uagb-inline-editing\">En savoir plus<\/span><\/a><\/div><\/div><\/div><\/div>\n<\/div><\/div>\n\n\n\n<div class=\"wp-block-uagb-container uagb-block-c93ddd66 alignfull uagb-is-root-container\"><div class=\"uagb-container-inner-blocks-wrap\">\n<div class=\"wp-block-uagb-info-box uagb-block-8b5fbd53 uagb-infobox__content-wrap  uagb-infobox-icon-above-title uagb-infobox-image-valign-top wp-block-uagb-info-box--has-margin\" id=\"who-we-are\"><div class=\"uagb-infobox-margin-wrapper\"><div class=\"uagb-ifb-content\"><div class=\"uagb-ifb-title-wrap\"><h2 class=\"uagb-ifb-title\">Ce que nous faisons<\/h2><\/div><p class=\"uagb-ifb-desc\">Veritable Venture offre une plateforme s\u00e9curis\u00e9e aux investisseurs en qu\u00eate de <strong>revenu fixe \u00e0 rendement garanti<\/strong>. Nous collaborons avec vous pour soutenir votre croissance, en proposant des opportunit\u00e9s de pr\u00eat transparentes avec des rendements pr\u00e9visibles, appuy\u00e9es par un portefeuille robuste et des ann\u00e9es d\u2019exp\u00e9rience en gestion financi\u00e8re. Notre mission est d'\u00e9tablir des <strong>partenariats financiers durables et mutuellement b\u00e9n\u00e9fiques<\/strong>.<br><br><\/p><div class=\"uagb-ifb-button-wrapper wp-block-button\"><a href=\"\/fr\/about\/\" class=\"uagb-infobox-cta-link wp-block-button__link\" target=\"_self\" rel=\"noopener noreferrer\" onclick=\"return true;\"><span class=\"uagb-inline-editing\">En savoir davantage<\/span><svg xmlns=\"https:\/\/www.w3.org\/2000\/svg\" viewbox=\"0 0 512 512\"><path d=\"M504.3 273.6l-112.1 104c-6.992 6.484-17.18 8.218-25.94 4.406c-8.758-3.812-14.42-12.45-14.42-21.1L351.9 288H32C14.33 288 .0002 273.7 .0002 255.1S14.33 224 32 224h319.9l0-72c0-9.547 5.66-18.19 14.42-22c8.754-3.809 18.95-2.075 25.94 4.41l112.1 104C514.6 247.9 514.6 264.1 504.3 273.6z\"><\/path><\/svg><\/a><\/div><\/div><\/div><\/div>\n\n\n\n<div class=\"wp-block-uagb-image uagb-block-0d4b1541 wp-block-uagb-image--layout-default wp-block-uagb-image--effect-static wp-block-uagb-image--align-none\"><figure class=\"wp-block-uagb-image__figure\"><img decoding=\"async\" srcset=\"https:\/\/veritableventure.ca\/wp-content\/uploads\/2025\/09\/Homepage_whatWeDo.png ,https:\/\/veritableventure.ca\/wp-content\/uploads\/2025\/09\/Homepage_whatWeDo.png 780w, https:\/\/veritableventure.ca\/wp-content\/uploads\/2025\/09\/Homepage_whatWeDo.png 360w\" sizes=\"auto, (max-width: 480px) 150px\" src=\"https:\/\/veritableventure.ca\/wp-content\/uploads\/2025\/09\/Homepage_whatWeDo.png\" alt=\"\" class=\"uag-image-2406\" width=\"455\" height=\"400\" title=\"Homepage_whatWeDo\" loading=\"lazy\" role=\"img\"\/><\/figure><\/div>\n<\/div><\/div>\n\n\n\n<div class=\"wp-block-uagb-container uagb-layout-grid uagb-block-40e14df1 alignfull uagb-is-root-container\"><div class=\"uagb-container-inner-blocks-wrap\">\n<div class=\"wp-block-uagb-info-box uagb-block-bfde9e54 uagb-infobox__content-wrap  uagb-infobox-icon-above-title uagb-infobox-image-valign-top\"><div class=\"uagb-ifb-content\"><div class=\"uagb-ifb-image-content\"><img decoding=\"async\" src=\"https:\/\/veritableventure.ca\/wp-content\/uploads\/2022\/10\/Service-1-min.jpg\" alt=\"\" width=\"100\" height=\"122\" loading=\"lazy\"\/><\/div><div class=\"uagb-ifb-title-wrap\"><h4 class=\"uagb-ifb-title\">Explorez vos opportunit\u00e9s<\/h4><\/div><p class=\"uagb-ifb-desc\">Consultez nos options de pr\u00eat \u00e0 taux fixe et d\u00e9couvrez comment vous pouvez b\u00e9n\u00e9ficier d'un rendement annuel garanti de 8 %.<\/p><\/div><\/div>\n\n\n\n<div class=\"wp-block-uagb-info-box uagb-block-304b7ae9 uagb-infobox__content-wrap  uagb-infobox-icon-above-title uagb-infobox-image-valign-top\"><div class=\"uagb-ifb-content\"><div class=\"uagb-ifb-image-content\"><img decoding=\"async\" src=\"https:\/\/veritableventure.ca\/wp-content\/uploads\/2022\/10\/Service-2-min.jpg\" alt=\"\" width=\"100\" height=\"122\" loading=\"lazy\"\/><\/div><div class=\"uagb-ifb-title-wrap\"><h4 class=\"uagb-ifb-title\">Investissez en toute s\u00e9curit\u00e9<\/h4><\/div><p class=\"uagb-ifb-desc\">Investissez en toute confiance, en sachant que vos fonds sont enti\u00e8rement s\u00e9curis\u00e9s et garantis par des actifs. Consultez notre entente de revenu transparente.<\/p><\/div><\/div>\n\n\n\n<div class=\"wp-block-uagb-info-box uagb-block-4f9d2b4e uagb-infobox__content-wrap  uagb-infobox-icon-above-title uagb-infobox-image-valign-top\"><div class=\"uagb-ifb-content\"><div class=\"uagb-ifb-image-content\"><img decoding=\"async\" src=\"https:\/\/veritableventure.ca\/wp-content\/uploads\/2022\/10\/Service-3-min.jpg\" alt=\"\" width=\"100\" height=\"122\" loading=\"lazy\"\/><\/div><div class=\"uagb-ifb-title-wrap\"><h4 class=\"uagb-ifb-title\">Recevez des rendements fixes<\/h4><\/div><p class=\"uagb-ifb-desc\">Recevez des paiements d\u2019int\u00e9r\u00eats r\u00e9guliers et fixes directement dans votre compte. <br>Profitez des avantages du revenu passif.<\/p><\/div><\/div>\n<\/div><\/div>\n\n\n\n<div class=\"wp-block-uagb-container uagb-block-ed5cafaf alignfull uagb-is-root-container\"><div class=\"uagb-container-inner-blocks-wrap\">\n<div class=\"wp-block-uagb-advanced-heading uagb-block-02f7ce2f\"><h2 class=\"uagb-heading-text\">Les donn\u00e9es parlent d\u2019elles-m\u00eames !<\/h2><\/div>\n\n\n\n<div class=\"wp-block-uagb-separator uagb-block-97c50b56\"><div class=\"wp-block-uagb-separator__inner\" style=\"--my-background-image:\"><\/div><\/div>\n\n\n\n<div class=\"wp-block-uagb-image uagb-block-74394b64 wp-block-uagb-image--layout-default wp-block-uagb-image--effect-zoomin wp-block-uagb-image--align-none\"><figure class=\"wp-block-uagb-image__figure\"><img decoding=\"async\" srcset=\"https:\/\/veritableventure.ca\/wp-content\/uploads\/2025\/04\/Chart_FR.png 1512w, https:\/\/veritableventure.ca\/wp-content\/uploads\/2025\/04\/Chart_FR-300x169.png 300w, https:\/\/veritableventure.ca\/wp-content\/uploads\/2025\/04\/Chart_FR-1024x576.png 1024w, https:\/\/veritableventure.ca\/wp-content\/uploads\/2025\/04\/Chart_FR-768x432.png 768w, https:\/\/veritableventure.ca\/wp-content\/uploads\/2025\/04\/Chart_FR-18x10.png 18w\" sizes=\"auto, (max-width: 480px) 150px\" src=\"https:\/\/veritableventure.ca\/wp-content\/uploads\/2025\/04\/Chart_FR.png\" alt=\"\" class=\"uag-image-2141\" width=\"1512\" height=\"850\" title=\"Homepage_chart\" loading=\"lazy\" role=\"img\"\/><\/figure><\/div>\n\n\n\n<p>** Les calculs comparatifs sont bas\u00e9es sur la moyenne des taux des CPG sur 20 ans et sur le taux moyen des comptes d\u2019\u00e9pargne des cinq grandes banques.<\/p>\n<\/div><\/div>\n\n\n\n<div class=\"wp-block-uagb-container uagb-block-a0482834 alignfull uagb-is-root-container\"><div class=\"uagb-container-inner-blocks-wrap\">\n<div class=\"wp-block-uagb-container uagb-block-db79bf35\">\n<div class=\"wp-block-uagb-info-box uagb-block-99dfab9a uagb-infobox__content-wrap  uagb-infobox-icon-above-title uagb-infobox-image-valign-top\"><div class=\"uagb-ifb-content\"><div class=\"uagb-ifb-title-wrap\"><h3 class=\"uagb-ifb-title\">Le pouvoir des int\u00e9r\u00eats compos\u00e9s<\/h3><\/div><p class=\"uagb-ifb-desc\">L'int\u00e9r\u00eat compos\u00e9 n'est pas qu'un simple concept financier, c'est un v\u00e9ritable moteur de cr\u00e9ation de richesse. Il s'agit du processus \u00e0 gagner des int\u00e9r\u00eats sur votre investissement initial, puis \u00e0 gagner des int\u00e9r\u00eats sur ces int\u00e9r\u00eats. Ce ph\u00e9nom\u00e8ne peut sembler minime au d\u00e9part, mais avec un peu de patience, il se transforme en une force incroyablement puissante. Ce n'est pas pour rien qu'Einstein l'a qualifi\u00e9 de 8\u00e8me merveille du monde ! <br><br>Jetez un coup d'\u0153il au graphique \u2014 la diff\u00e9rence de valeur du portefeuille au fil du temps est tout simplement remarquable. Vous voulez comprendre comment cela fonctionne de fa\u00e7on simple et visuelle ? Regardez notre vid\u00e9o explicative.<\/p><\/div><\/div>\n<\/div>\n\n\n\n<div class=\"wp-block-uagb-container uagb-block-7e518263\"><div style=\"width: 350px;\" class=\"wp-video\"><video class=\"wp-video-shortcode\" id=\"video-1817-1\" width=\"350\" height=\"360\" preload=\"metadata\" controls=\"controls\"><source type=\"video\/mp4\" src=\"https:\/\/veritableventure.ca\/wp-content\/uploads\/2025\/03\/1_1.mp4?_=1\" \/><a href=\"https:\/\/veritableventure.ca\/wp-content\/uploads\/2025\/03\/1_1.mp4\">https:\/\/veritableventure.ca\/wp-content\/uploads\/2025\/03\/1_1.mp4<\/a><\/video><\/div>\n<\/div>\n<\/div><\/div>\n\n\n\n<hr class=\"wp-block-separator has-alpha-channel-opacity\"\/>\n\n\n\n<div class=\"wp-block-uagb-container uagb-block-352b9591 alignfull uagb-is-root-container\"><div class=\"uagb-container-inner-blocks-wrap\">\n<div class=\"wp-block-group is-nowrap is-layout-flex wp-container-core-group-is-layout-6c531013 wp-block-group-is-layout-flex\">\n<div class=\"wp-block-uagb-info-box uagb-block-4b2a70ff uagb-infobox__content-wrap  uagb-infobox-icon-below-title uagb-infobox-image-valign-top\"><div class=\"uagb-ifb-content\"><div class=\"uagb-ifb-title-wrap\"><h3 class=\"uagb-ifb-title\">Simulez avec vos propres donn\u00e9es !<\/h3><\/div><div class=\"uagb-ifb-icon-wrap\"><svg xmlns=\"https:\/\/www.w3.org\/2000\/svg\" viewbox=\"0 0 384 512\"><path d=\"M336 0h-288C22.38 0 0 22.38 0 48v416C0 489.6 22.38 512 48 512h288c25.62 0 48-22.38 48-48v-416C384 22.38 361.6 0 336 0zM64 208C64 199.2 71.2 192 80 192h32C120.8 192 128 199.2 128 208v32C128 248.8 120.8 256 112 256h-32C71.2 256 64 248.8 64 240V208zM64 304C64 295.2 71.2 288 80 288h32C120.8 288 128 295.2 128 304v32C128 344.8 120.8 352 112 352h-32C71.2 352 64 344.8 64 336V304zM224 432c0 8.801-7.199 16-16 16h-128C71.2 448 64 440.8 64 432v-32C64 391.2 71.2 384 80 384h128c8.801 0 16 7.199 16 16V432zM224 336c0 8.801-7.199 16-16 16h-32C167.2 352 160 344.8 160 336v-32C160 295.2 167.2 288 176 288h32C216.8 288 224 295.2 224 304V336zM224 240C224 248.8 216.8 256 208 256h-32C167.2 256 160 248.8 160 240v-32C160 199.2 167.2 192 176 192h32C216.8 192 224 199.2 224 208V240zM320 432c0 8.801-7.199 16-16 16h-32c-8.799 0-16-7.199-16-16v-32c0-8.801 7.201-16 16-16h32c8.801 0 16 7.199 16 16V432zM320 336c0 8.801-7.199 16-16 16h-32c-8.799 0-16-7.199-16-16v-32C256 295.2 263.2 288 272 288h32C312.8 288 320 295.2 320 304V336zM320 240C320 248.8 312.8 256 304 256h-32C263.2 256 256 248.8 256 240v-32C256 199.2 263.2 192 272 192h32C312.8 192 320 199.2 320 208V240zM320 144C320 152.8 312.8 160 304 160h-224C71.2 160 64 152.8 64 144v-64C64 71.2 71.2 64 80 64h224C312.8 64 320 71.2 320 80V144z\"><\/path><\/svg><\/div><p class=\"uagb-ifb-desc\">Que pourrait rapporter <em>votre <\/em>investissement ? Notre calculatrice personnalis\u00e9e vous donne le contr\u00f4le. Entrez vos montants d\u2019investissement et d\u00e9couvrez l\u2019impact \u00e0 long terme de nos rendements garantis et fixes. Explorez diff\u00e9rents sc\u00e9narios d\u00e8s maintenant !<\/p><div class=\"uagb-ifb-button-wrapper wp-block-button\"><a href=\"\/fr\/services\/#custom-calculator\" class=\"uagb-infobox-cta-link wp-block-button__link\" target=\"_self\" rel=\"noopener noreferrer\" onclick=\"return true;\"><span class=\"uagb-inline-editing\">Calculateur de rendement<\/span><\/a><\/div><\/div><\/div>\n<\/div>\n<\/div><\/div>\n\n\n\n<div class=\"wp-block-uagb-container uagb-layout-flex uagb-block-7230cdd9 alignfull uagb-is-root-container\"><div class=\"uagb-container-inner-blocks-wrap\">\n<hr class=\"wp-block-separator has-alpha-channel-opacity\"\/>\n\n\n\n<div class=\"wp-block-uagb-advanced-heading uagb-block-171cfefc\"><h2 class=\"uagb-heading-text\">Lancez-vous en 4 \u00e9tapes faciles !<\/h2><\/div>\n\n\n\n<div class=\"wp-block-uagb-slider uagb-block-4f6f4fa1 uagb-slider-container\"><div class=\"uagb-slides uagb-swiper\"><div class=\"swiper-wrapper\">\n<div class=\"wp-block-uagb-slider-child uagb-slider-child-wrap swiper-slide uagb-block-79f66ef5\"><div class=\"swiper-content\">\n<div class=\"wp-block-uagb-container uagb-block-199b3306\">\n<div class=\"wp-block-uagb-info-box uagb-block-90e9cbe1 uagb-infobox__content-wrap  uagb-infobox-icon-below-title uagb-infobox-image-valign-top\"><div class=\"uagb-ifb-content\"><div class=\"uagb-ifb-title-wrap\"><h3 class=\"uagb-ifb-title\">\u00c9tape 1 \u2013 D\u00e9couvrez et examinez<\/h3><\/div><div class=\"uagb-ifb-image-content\"><img decoding=\"async\" src=\"https:\/\/veritableventure.ca\/wp-content\/uploads\/2025\/03\/Homepage_step1-150x150.jpg\" alt=\"\" width=\"\" height=\"0\" loading=\"lazy\"\/><\/div><p class=\"uagb-ifb-desc\">Explorez nos options d\u2019investissement et consultez notre prospectus \/ entente de pr\u00eat detaill\u00e9.<br><br><br><\/p><\/div><\/div>\n<\/div>\n<\/div><\/div>\n\n\n\n<div class=\"wp-block-uagb-slider-child uagb-slider-child-wrap swiper-slide uagb-block-43451a16\"><div class=\"swiper-content\">\n<div class=\"wp-block-uagb-container uagb-block-40c8fc2c\">\n<div class=\"wp-block-uagb-info-box uagb-block-881ce826 uagb-infobox__content-wrap  uagb-infobox-icon-below-title uagb-infobox-image-valign-top\"><div class=\"uagb-ifb-content\"><div class=\"uagb-ifb-title-wrap\"><h3 class=\"uagb-ifb-title\">\u00c9tape 2 \u2013 Communiquez avec nous<\/h3><\/div><div class=\"uagb-ifb-image-content\"><img decoding=\"async\" src=\"https:\/\/veritableventure.ca\/wp-content\/uploads\/2025\/03\/Homepage_step2_guylight-150x150.jpg\" alt=\"\" width=\"\" height=\"0\" loading=\"lazy\"\/><\/div><p class=\"uagb-ifb-desc\">Discutez avec nous d\u00e8s aujourd\u2019hui pour parler de vos objectifs d\u2019investissement et posez toutes vos questions.<\/p><div class=\"uagb-ifb-button-wrapper wp-block-button\"><a href=\"\/fr\/contact\/\" class=\"uagb-infobox-cta-link wp-block-button__link\" target=\"_self\" rel=\"noopener noreferrer\" onclick=\"return true;\"><span class=\"uagb-inline-editing\">Contactez-nous<\/span><\/a><\/div><\/div><\/div>\n<\/div>\n<\/div><\/div>\n\n\n\n<div class=\"wp-block-uagb-slider-child uagb-slider-child-wrap swiper-slide uagb-block-f491f576\"><div class=\"swiper-content\">\n<div class=\"wp-block-uagb-container uagb-block-33db75c0\">\n<div class=\"wp-block-uagb-info-box uagb-block-26bc2bc2 uagb-infobox__content-wrap  uagb-infobox-icon-below-title uagb-infobox-image-valign-top\"><div class=\"uagb-ifb-content\"><div class=\"uagb-ifb-title-wrap\"><h3 class=\"uagb-ifb-title\">\u00c9tape 3 \u2013 Formalisez votre investissement<\/h3><\/div><div class=\"uagb-ifb-image-content\"><img decoding=\"async\" src=\"https:\/\/veritableventure.ca\/wp-content\/uploads\/2025\/03\/Homepage_step3-150x150.jpg\" alt=\"\" width=\"\" height=\"0\" loading=\"lazy\"\/><\/div><p class=\"uagb-ifb-desc\">Remplissez les documents requis et financez votre investissement.<br><br><br><\/p><\/div><\/div>\n<\/div>\n<\/div><\/div>\n\n\n\n<div class=\"wp-block-uagb-slider-child uagb-slider-child-wrap swiper-slide uagb-block-16d842a5\"><div class=\"swiper-content\">\n<div class=\"wp-block-uagb-container uagb-block-e3935299\">\n<div class=\"wp-block-uagb-info-box uagb-block-0e5c3e1e uagb-infobox__content-wrap  uagb-infobox-icon-below-title uagb-infobox-image-valign-top\"><div class=\"uagb-ifb-content\"><div class=\"uagb-ifb-title-wrap\"><h3 class=\"uagb-ifb-title\">\u00c9tape 4 \u2013 Profitez de vos gains<\/h3><\/div><div class=\"uagb-ifb-image-content\"><img decoding=\"async\" src=\"https:\/\/veritableventure.ca\/wp-content\/uploads\/2025\/03\/Homepage_step4-1-150x150.jpg\" alt=\"\" width=\"\" height=\"0\" loading=\"lazy\"\/><\/div><p class=\"uagb-ifb-desc\">B\u00e9n\u00e9ficiez de votre revenu fixe garanti aux dates pr\u00e9vues.<br><br><br><\/p><\/div><\/div>\n<\/div>\n<\/div><\/div>\n<\/div><\/div><div class=\"swiper-pagination\"><\/div><div class=\"swiper-button-prev\"><\/div><div class=\"swiper-button-next\"><\/div><\/div>\n<\/div><\/div>\n\n\n\n<div class=\"wp-block-uagb-separator uagb-block-8ef73635\"><div class=\"uagb-separator-spacing-wrapper\"><div class=\"wp-block-uagb-separator__inner\" style=\"--my-background-image:\"><\/div><\/div><\/div>\n\n\n\n<div class=\"wp-block-uagb-container uagb-block-3910331a alignfull uagb-is-root-container\"><div class=\"uagb-container-inner-blocks-wrap\">\n<div class=\"wp-block-uagb-call-to-action uagb-block-a7e0f6aa wp-block-button\"><div class=\"uagb-cta__wrap\"><h2 class=\"uagb-cta__title\">PARLEZ-NOUS<\/h2><p class=\"uagb-cta__desc\">Des questions ? Nous sommes toujours disponibles pour discuter de nos services et pour \u00e9tablir une entente adapt\u00e9e \u00e0 vos besoins.<\/p><\/div><div class=\"uagb-cta__buttons\"><a href=\"\/fr\/contact\/\" class=\"uagb-cta__button-link-wrapper wp-block-button__link\" target=\"_self\" rel=\"noopener noreferrer\">NOUS CONTACTER<\/a><\/div><\/div>\n<\/div><\/div>","protected":false},"excerpt":{"rendered":"<p>Numbers don&#8217;t lie! ** Calculation comparables are based on the 20-year average GIC rate and the average savings account rate of the Big 5 banks. Get Started in 4 Easy Steps!<\/p>","protected":false},"author":1,"featured_media":0,"parent":0,"menu_order":0,"comment_status":"closed","ping_status":"closed","template":"","meta":{"_uag_custom_page_level_css":"","_monsterinsights_skip_tracking":false,"_monsterinsights_sitenote_active":false,"_monsterinsights_sitenote_note":"","_monsterinsights_sitenote_category":0,"site-sidebar-layout":"default","site-content-layout":"page-builder","ast-site-content-layout":"full-width-container","site-content-style":"unboxed","site-sidebar-style":"unboxed","ast-global-header-display":"","ast-banner-title-visibility":"","ast-main-header-display":"","ast-hfb-above-header-display":"","ast-hfb-below-header-display":"","ast-hfb-mobile-header-display":"","site-post-title":"disabled","ast-breadcrumbs-content":"","ast-featured-img":"","footer-sml-layout":"","ast-disable-related-posts":"","theme-transparent-header-meta":"enabled","adv-header-id-meta":"","stick-header-meta":"","header-above-stick-meta":"","header-main-stick-meta":"","header-below-stick-meta":"","astra-migrate-meta-layouts":"set","ast-page-background-enabled":"default","ast-page-background-meta":{"desktop":{"background-color":"var(--ast-global-color-4)","background-image":"","background-repeat":"repeat","background-position":"center center","background-size":"auto","background-attachment":"scroll","background-type":"","background-media":"","overlay-type":"","overlay-color":"","overlay-opacity":"","overlay-gradient":""},"tablet":{"background-color":"","background-image":"","background-repeat":"repeat","background-position":"center center","background-size":"auto","background-attachment":"scroll","background-type":"","background-media":"","overlay-type":"","overlay-color":"","overlay-opacity":"","overlay-gradient":""},"mobile":{"background-color":"","background-image":"","background-repeat":"repeat","background-position":"center center","background-size":"auto","background-attachment":"scroll","background-type":"","background-media":"","overlay-type":"","overlay-color":"","overlay-opacity":"","overlay-gradient":""}},"ast-content-background-meta":{"desktop":{"background-color":"var(--ast-global-color-5)","background-image":"","background-repeat":"repeat","background-position":"center center","background-size":"auto","background-attachment":"scroll","background-type":"","background-media":"","overlay-type":"","overlay-color":"","overlay-opacity":"","overlay-gradient":""},"tablet":{"background-color":"var(--ast-global-color-5)","background-image":"","background-repeat":"repeat","background-position":"center center","background-size":"auto","background-attachment":"scroll","background-type":"","background-media":"","overlay-type":"","overlay-color":"","overlay-opacity":"","overlay-gradient":""},"mobile":{"background-color":"var(--ast-global-color-5)","background-image":"","background-repeat":"repeat","background-position":"center center","background-size":"auto","background-attachment":"scroll","background-type":"","background-media":"","overlay-type":"","overlay-color":"","overlay-opacity":"","overlay-gradient":""}},"footnotes":""},"class_list":["post-1817","page","type-page","status-publish","hentry"],"aioseo_notices":[],"uagb_featured_image_src":{"full":false,"thumbnail":false,"medium":false,"medium_large":false,"large":false,"1536x1536":false,"2048x2048":false,"trp-custom-language-flag":false,"mailpoet_newsletter_max":false},"uagb_author_info":{"display_name":"Admin","author_link":"https:\/\/veritableventure.ca\/fr\/author\/yourname\/"},"uagb_comment_info":0,"uagb_excerpt":"Numbers don&#8217;t lie! ** Calculation comparables are based on the 20-year average GIC rate and the average savings account rate of the Big 5 banks. Get Started in 4 Easy Steps!","_links":{"self":[{"href":"https:\/\/veritableventure.ca\/fr\/wp-json\/wp\/v2\/pages\/1817","targetHints":{"allow":["GET"]}}],"collection":[{"href":"https:\/\/veritableventure.ca\/fr\/wp-json\/wp\/v2\/pages"}],"about":[{"href":"https:\/\/veritableventure.ca\/fr\/wp-json\/wp\/v2\/types\/page"}],"author":[{"embeddable":true,"href":"https:\/\/veritableventure.ca\/fr\/wp-json\/wp\/v2\/users\/1"}],"replies":[{"embeddable":true,"href":"https:\/\/veritableventure.ca\/fr\/wp-json\/wp\/v2\/comments?post=1817"}],"version-history":[{"count":88,"href":"https:\/\/veritableventure.ca\/fr\/wp-json\/wp\/v2\/pages\/1817\/revisions"}],"predecessor-version":[{"id":2412,"href":"https:\/\/veritableventure.ca\/fr\/wp-json\/wp\/v2\/pages\/1817\/revisions\/2412"}],"wp:attachment":[{"href":"https:\/\/veritableventure.ca\/fr\/wp-json\/wp\/v2\/media?parent=1817"}],"curies":[{"name":"wp","href":"https:\/\/api.w.org\/{rel}","templated":true}]}}