{"id":107,"date":"2025-02-20T11:12:49","date_gmt":"2025-02-20T16:12:49","guid":{"rendered":"https:\/\/veritableventure.caabout\/"},"modified":"2025-06-23T17:14:08","modified_gmt":"2025-06-23T21:14:08","slug":"about","status":"publish","type":"page","link":"https:\/\/veritableventure.ca\/fr\/about\/","title":{"rendered":"\u00c0 Propos"},"content":{"rendered":"<div class=\"wp-block-uagb-container uagb-block-8de9c239 alignfull uagb-is-root-container\"><div class=\"uagb-container-inner-blocks-wrap\">\n<div class=\"wp-block-uagb-advanced-heading uagb-block-99148d6e\"><h1 class=\"uagb-heading-text\">Qui sommes-nous?<\/h1><\/div>\n<\/div><\/div>\n\n\n\n<div class=\"wp-block-uagb-container uagb-block-c1107f9e alignfull uagb-is-root-container\"><div class=\"uagb-container-inner-blocks-wrap\">\n<div class=\"wp-block-uagb-image uagb-block-c87c2e84 wp-block-uagb-image--layout-default wp-block-uagb-image--effect-static wp-block-uagb-image--align-none\"><figure class=\"wp-block-uagb-image__figure\"><img decoding=\"async\" srcset=\"https:\/\/websitedemos.net\/earth-08\/wp-content\/uploads\/sites\/1130\/2022\/10\/Our-Mission-min-1-1024x762.jpg ,https:\/\/websitedemos.net\/earth-08\/wp-content\/uploads\/sites\/1130\/2022\/10\/Our-Mission-min-1-1024x762.jpg 780w\" sizes=\"auto, (max-width: 480px) 150px\" src=\"https:\/\/websitedemos.net\/earth-08\/wp-content\/uploads\/sites\/1130\/2022\/10\/Our-Mission-min-1-1024x762.jpg\" alt=\"\" class=\"uag-image-210\" width=\"530\" height=\"395\" title=\"\" loading=\"lazy\" role=\"img\"\/><\/figure><\/div>\n\n\n\n<div class=\"wp-block-uagb-info-box uagb-block-fc0d3afc uagb-infobox__content-wrap  uagb-infobox-icon-above-title uagb-infobox-image-valign-top\"><div class=\"uagb-ifb-content\"><div class=\"uagb-ifb-title-wrap\"><h2 class=\"uagb-ifb-title\">\u2014 NOTRE MISSION \u2014<br>1. Simplicit\u00e9 <br>2. Transparence<br>3. Tranquillit\u00e9 d\u2019esprit<\/h2><\/div><p class=\"uagb-ifb-desc\">Chez Veritable Venture, nous souhaitons \u00e9liminer les tabous entourant la finance. Nous croyons que l\u2019investissement devrait \u00eatre simple, transparent et gratifiant. Notre mission est d\u2019\u00e9liminer la complexit\u00e9 et l\u2019incertitude en offrant un revenu fixe, pr\u00e9d\u00e9termin\u00e9 et r\u00e9current.<br>Droit au but, tout est clair, direct et convenu d\u00e8s le d\u00e9part. Faites cro\u00eetre votre portefeuille ou financez votre style de vie avec nous - pas de devinettes, pas de surprises, que des rendements pr\u00e9visibles et continus.<\/p><\/div><\/div>\n<\/div><\/div>\n\n\n\n<div class=\"wp-block-uagb-advanced-heading uagb-block-658a8523\"><h2 class=\"uagb-heading-text\">Rencontrez l'\u00e9quipe!<\/h2><\/div>\n\n\n\n<div class=\"wp-block-uagb-separator uagb-block-f2279442\"><div class=\"wp-block-uagb-separator__inner\" style=\"--my-background-image:\"><\/div><\/div>\n\n\n\n<div class=\"wp-block-uagb-container uagb-layout-flex uagb-block-8c81930c alignfull uagb-is-root-container\"><div class=\"uagb-container-inner-blocks-wrap\">\n<div class=\"wp-block-uagb-container uagb-block-8eb7d184\">\n<div class=\"wp-block-uagb-team uagb-team__image-position-above uagb-team__align-center uagb-team__stack-tablet uagb-block-28a30c6d\"><div class=\"uagb-team__content\"><img decoding=\"async\" class=\"uagb-team__image-crop-circle\" src=\"https:\/\/veritableventure.ca\/wp-content\/uploads\/2025\/02\/pexels-photo-210990-210990-scaled.jpg\" alt=\"Businessman organizing finances with tech devices and cash on desk.\" height=\"350\" width=\"350\" loading=\"lazy\"\/><h3 class=\"uagb-team__title\"><br>Ayman Salemeh, CPA<\/h3><span class=\"uagb-team__prefix\"><strong>Gestionnaire de portefeuille en actions et options<\/strong><\/span><p class=\"uagb-team__desc\">Titulaire d\u2019un baccalaur\u00e9at sp\u00e9cialis\u00e9 en comptabilit\u00e9 de l\u2019Universit\u00e9 McGill, Ayman a compl\u00e9t\u00e9 son titre de CPA et poss\u00e8de une exp\u00e9rience concr\u00e8te en audit et en analyse financi\u00e8re. Investisseur actif sur les march\u00e9s boursiers depuis plus de 10 ans, il a d\u00e9velopp\u00e9 des strat\u00e9gies d\u2019investissement s\u00e9curitaires et rentables qu\u2019il met en \u0153uvre et supervise au sein du portefeuille de courtage de l\u2019entreprise.<\/p><ul class=\"uagb-team__social-list\"><li class=\"uagb-team__social-icon\"><a href=\"https:\/\/www.linkedin.com\/in\/aymansalami\/\" aria-label=\"linkedin\" target=\"_blank\" title=\"\" rel=\"noopener noreferrer\"><svg xmlns=\"https:\/\/www.w3.org\/2000\/svg\" viewbox=\"0 0 448 512\"><path d=\"M416 32H31.9C14.3 32 0 46.5 0 64.3v383.4C0 465.5 14.3 480 31.9 480H416c17.6 0 32-14.5 32-32.3V64.3c0-17.8-14.4-32.3-32-32.3zM135.4 416H69V202.2h66.5V416zm-33.2-243c-21.3 0-38.5-17.3-38.5-38.5S80.9 96 102.2 96c21.2 0 38.5 17.3 38.5 38.5 0 21.3-17.2 38.5-38.5 38.5zm282.1 243h-66.4V312c0-24.8-.5-56.7-34.5-56.7-34.6 0-39.9 27-39.9 54.9V416h-66.4V202.2h63.7v29.2h.9c8.9-16.8 30.6-34.5 62.9-34.5 67.2 0 79.7 44.3 79.7 101.9V416z\"><\/path><\/svg><\/a><\/li><\/ul><\/div><\/div>\n<\/div>\n\n\n\n<div class=\"wp-block-uagb-container uagb-block-9f680152\">\n<div class=\"wp-block-uagb-team uagb-team__image-position-above uagb-team__align-center uagb-team__stack-tablet uagb-block-85f5f8a3\"><div class=\"uagb-team__content\"><img decoding=\"async\" class=\"uagb-team__image-crop-circle\" src=\"https:\/\/veritableventure.ca\/wp-content\/uploads\/2025\/02\/pexels-photo-3862607-3862607.jpg\" alt=\"\" height=\"350\" width=\"350\" loading=\"lazy\"\/><h3 class=\"uagb-team__title\"><br>Anisan Gunarathinam, Eng.<\/h3><span class=\"uagb-team__prefix\"><strong>Gestionnaire de portefeuille en march\u00e9 des changes<\/strong><\/span><p class=\"uagb-team__desc\">Anisan poss\u00e8de une vaste expertise en g\u00e9nie \u00e9lectronique et en programmation. Muni d\u2019une exp\u00e9rience en enseignement de cours en ing\u00e9nierie et en fondant plusieurs entreprises de produits technologiques, il apporte des comp\u00e9tences techniques et analytiques uniques. Anisan \u00e9labore et met en \u0153uvre des strat\u00e9gies d\u2019investissement sur le march\u00e9 des changes et supervise ce portefeuille de l\u2019entreprise.<\/p><ul class=\"uagb-team__social-list\"><li class=\"uagb-team__social-icon\"><a href=\"https:\/\/www.linkedin.com\/in\/anisan-gunarathinam-846296127\/\" aria-label=\"linkedin\" target=\"_blank\" title=\"\" rel=\"noopener noreferrer\"><svg xmlns=\"https:\/\/www.w3.org\/2000\/svg\" viewbox=\"0 0 448 512\"><path d=\"M416 32H31.9C14.3 32 0 46.5 0 64.3v383.4C0 465.5 14.3 480 31.9 480H416c17.6 0 32-14.5 32-32.3V64.3c0-17.8-14.4-32.3-32-32.3zM135.4 416H69V202.2h66.5V416zm-33.2-243c-21.3 0-38.5-17.3-38.5-38.5S80.9 96 102.2 96c21.2 0 38.5 17.3 38.5 38.5 0 21.3-17.2 38.5-38.5 38.5zm282.1 243h-66.4V312c0-24.8-.5-56.7-34.5-56.7-34.6 0-39.9 27-39.9 54.9V416h-66.4V202.2h63.7v29.2h.9c8.9-16.8 30.6-34.5 62.9-34.5 67.2 0 79.7 44.3 79.7 101.9V416z\"><\/path><\/svg><\/a><\/li><\/ul><\/div><\/div>\n<\/div>\n\n\n\n<div class=\"wp-block-uagb-container uagb-block-d180d95e\">\n<div class=\"wp-block-uagb-team uagb-team__image-position-above uagb-team__align-center uagb-team__stack-tablet uagb-block-9bab9cbd\"><div class=\"uagb-team__content\"><img decoding=\"async\" class=\"uagb-team__image-crop-circle\" src=\"https:\/\/veritableventure.ca\/wp-content\/uploads\/2025\/02\/pexels-photo-3825586-3825586-scaled.jpg\" alt=\"Faceless ethnic medical worker in lab coat and stethoscope taking of transparent gloves after approaching patients for examination in modern hospital\" height=\"350\" width=\"350\" loading=\"lazy\"\/><h3 class=\"uagb-team__title\"><br>Dr Kourosh Lalavi, M.D.<\/h3><span class=\"uagb-team__prefix\"><strong>Service des relations pr\u00eateurs<\/strong><\/span><p class=\"uagb-team__desc\">Gr\u00e2ce \u00e0 sa formation en m\u00e9decine, Kourosh apporte \u00e0 l\u2019entreprise un ensemble de comp\u00e9tences uniques. Par ses aptitudes en communication et en leadership, il occupe le r\u00f4le de responsable des relations publiques. Kourosh attire les pr\u00eateurs potentiels et les accompagne en leur expliquant le processus, en tenant compte de leur situation et en proposant des solutions adapt\u00e9es \u00e0 leurs besoins.<\/p><ul class=\"uagb-team__social-list\"><li class=\"uagb-team__social-icon\"><a href=\"https:\/\/www.linkedin.com\/in\/kourosh-lalavi-a132a954\/\" aria-label=\"linkedin\" target=\"_blank\" title=\"\" rel=\"noopener noreferrer\"><svg xmlns=\"https:\/\/www.w3.org\/2000\/svg\" viewbox=\"0 0 448 512\"><path d=\"M416 32H31.9C14.3 32 0 46.5 0 64.3v383.4C0 465.5 14.3 480 31.9 480H416c17.6 0 32-14.5 32-32.3V64.3c0-17.8-14.4-32.3-32-32.3zM135.4 416H69V202.2h66.5V416zm-33.2-243c-21.3 0-38.5-17.3-38.5-38.5S80.9 96 102.2 96c21.2 0 38.5 17.3 38.5 38.5 0 21.3-17.2 38.5-38.5 38.5zm282.1 243h-66.4V312c0-24.8-.5-56.7-34.5-56.7-34.6 0-39.9 27-39.9 54.9V416h-66.4V202.2h63.7v29.2h.9c8.9-16.8 30.6-34.5 62.9-34.5 67.2 0 79.7 44.3 79.7 101.9V416z\"><\/path><\/svg><\/a><\/li><\/ul><\/div><\/div>\n<\/div>\n<\/div><\/div>\n\n\n\n<div class=\"wp-block-uagb-separator uagb-block-2d0deef4\"><div class=\"uagb-separator-spacing-wrapper\"><div class=\"wp-block-uagb-separator__inner\" style=\"--my-background-image:\"><\/div><\/div><\/div>\n\n\n\n<div class=\"wp-block-uagb-advanced-heading uagb-block-1aef422e\"><h2 class=\"uagb-heading-text\">Nos avantages concurrentiels<\/h2><\/div>\n\n\n\n<div class=\"wp-block-uagb-image uagb-block-167220e4 wp-block-uagb-image--layout-default wp-block-uagb-image--effect-static wp-block-uagb-image--align-none\"><figure class=\"wp-block-uagb-image__figure\"><img decoding=\"async\" srcset=\"https:\/\/veritableventure.ca\/wp-content\/uploads\/2025\/03\/Competitive_advantage.jpg ,https:\/\/veritableventure.ca\/wp-content\/uploads\/2025\/03\/Competitive_advantage.jpg 780w, https:\/\/veritableventure.ca\/wp-content\/uploads\/2025\/03\/Competitive_advantage.jpg 360w\" sizes=\"auto, (max-width: 480px) 150px\" src=\"https:\/\/veritableventure.ca\/wp-content\/uploads\/2025\/03\/Competitive_advantage.jpg\" alt=\"\" class=\"uag-image-2269\" width=\"1024\" height=\"535\" title=\"Competitive_advantage\" loading=\"lazy\" role=\"img\"\/><\/figure><\/div>\n\n\n\n<div class=\"wp-block-uagb-container uagb-block-1f9a32cb alignfull uagb-is-root-container\"><div class=\"uagb-container-inner-blocks-wrap\">\n<div class=\"wp-block-uagb-info-box uagb-block-4409fbfc uagb-infobox__content-wrap  uagb-infobox-icon-above-title uagb-infobox-image-valign-top wp-block-uagb-info-box--has-margin\"><div class=\"uagb-infobox-margin-wrapper\"><div class=\"uagb-ifb-content\"><div class=\"uagb-ifb-icon-wrap\"><svg xmlns=\"https:\/\/www.w3.org\/2000\/svg\" viewbox=\"0 0 576 512\"><path d=\"M568.2 336.3c-13.12-17.81-38.14-21.66-55.93-8.469l-119.7 88.17h-120.6c-8.748 0-15.1-7.25-15.1-15.99c0-8.75 7.25-16 15.1-16h78.25c15.1 0 30.75-10.88 33.37-26.62c3.25-20-12.12-37.38-31.62-37.38H191.1c-26.1 0-53.12 9.25-74.12 26.25l-46.5 37.74L15.1 383.1C7.251 383.1 0 391.3 0 400v95.98C0 504.8 7.251 512 15.1 512h346.1c22.03 0 43.92-7.188 61.7-20.27l135.1-99.52C577.5 379.1 581.3 354.1 568.2 336.3zM279.3 175C271.7 173.9 261.7 170.3 252.9 167.1L248 165.4C235.5 160.1 221.8 167.5 217.4 179.1s2.121 26.2 14.59 30.64l4.655 1.656c8.486 3.061 17.88 6.095 27.39 8.312V232c0 13.25 10.73 24 23.98 24s24-10.75 24-24V221.6c25.27-5.723 42.88-21.85 46.1-45.72c8.688-50.05-38.89-63.66-64.42-70.95L288.4 103.1C262.1 95.64 263.6 92.42 264.3 88.31c1.156-6.766 15.3-10.06 32.21-7.391c4.938 .7813 11.37 2.547 19.65 5.422c12.53 4.281 26.21-2.312 30.52-14.84s-2.309-26.19-14.84-30.53c-7.602-2.627-13.92-4.358-19.82-5.721V24c0-13.25-10.75-24-24-24s-23.98 10.75-23.98 24v10.52C238.8 40.23 221.1 56.25 216.1 80.13C208.4 129.6 256.7 143.8 274.9 149.2l6.498 1.875c31.66 9.062 31.15 11.89 30.34 16.64C310.6 174.5 296.5 177.8 279.3 175z\"><\/path><\/svg><\/div><div class=\"uagb-ifb-title-wrap\"><h3 class=\"uagb-ifb-title\">Capital garanti<\/h3><\/div><p class=\"uagb-ifb-desc\"><br>Vous ne courez aucun risque d'investissement sur le capital que vous avez contribu\u00e9. Soyez assur\u00e9 que votre placement est garanti par un fonds de r\u00e9serve et des actifs liquides. Vous recevrez la totalit\u00e9 de votre capital accumul\u00e9 au terme du contrat.<br><\/p><\/div><\/div><\/div>\n\n\n\n<div class=\"wp-block-uagb-info-box uagb-block-e410fc8a uagb-infobox__content-wrap  uagb-infobox-icon-above-title uagb-infobox-image-valign-top wp-block-uagb-info-box--has-margin\"><div class=\"uagb-infobox-margin-wrapper\"><div class=\"uagb-ifb-content\"><div class=\"uagb-ifb-icon-wrap\"><svg xmlns=\"https:\/\/www.w3.org\/2000\/svg\" viewbox=\"0 0 576 512\"><path d=\"M352 176C369.7 176 384 190.3 384 208C384 225.7 369.7 240 352 240H320V448H368C421 448 464 405 464 352V345.9L456.1 352.1C447.6 362.3 432.4 362.3 423 352.1C413.7 343.6 413.7 328.4 423 319L479 263C488.4 253.7 503.6 253.7 512.1 263L568.1 319C578.3 328.4 578.3 343.6 568.1 352.1C559.6 362.3 544.4 362.3 535 352.1L528 345.9V352C528 440.4 456.4 512 368 512H208C119.6 512 48 440.4 48 352V345.9L40.97 352.1C31.6 362.3 16.4 362.3 7.029 352.1C-2.343 343.6-2.343 328.4 7.029 319L63.03 263C72.4 253.7 87.6 253.7 96.97 263L152.1 319C162.3 328.4 162.3 343.6 152.1 352.1C143.6 362.3 128.4 362.3 119 352.1L112 345.9V352C112 405 154.1 448 208 448H256V240H224C206.3 240 192 225.7 192 208C192 190.3 206.3 176 224 176H234.9C209 158.8 192 129.4 192 96C192 42.98 234.1 0 288 0C341 0 384 42.98 384 96C384 129.4 366.1 158.8 341.1 176H352zM288 128C305.7 128 320 113.7 320 96C320 78.33 305.7 64 288 64C270.3 64 256 78.33 256 96C256 113.7 270.3 128 288 128z\"><\/path><\/svg><\/div><div class=\"uagb-ifb-title-wrap\"><h3 class=\"uagb-ifb-title\">Rendement et taux d\u2019int\u00e9r\u00eat fixes<\/h3><\/div><p class=\"uagb-ifb-desc\">Contrairement aux investissements du march\u00e9 dont le rendement annuel varie, voire inexistant, votre rendement est d\u00e9j\u00e0 d\u00e9fini et fix\u00e9 \u00e0 8 %. Gr\u00e2ce \u00e0 un revenu pr\u00e9visible, vous pouvez \u00e9liminer les incertitudes et r\u00e9aliser votre plan financi\u00e8r avec pr\u00e9cision.<\/p><\/div><\/div><\/div>\n\n\n\n<div class=\"wp-block-uagb-info-box uagb-block-5e825ce9 uagb-infobox__content-wrap  uagb-infobox-icon-above-title uagb-infobox-image-valign-top wp-block-uagb-info-box--has-margin\"><div class=\"uagb-infobox-margin-wrapper\"><div class=\"uagb-ifb-content\"><div class=\"uagb-ifb-icon-wrap\"><svg xmlns=\"https:\/\/www.w3.org\/2000\/svg\" viewbox=\"0 0 512 512\"><path d=\"M352 256C352 278.2 350.8 299.6 348.7 320H163.3C161.2 299.6 159.1 278.2 159.1 256C159.1 233.8 161.2 212.4 163.3 192H348.7C350.8 212.4 352 233.8 352 256zM503.9 192C509.2 212.5 512 233.9 512 256C512 278.1 509.2 299.5 503.9 320H380.8C382.9 299.4 384 277.1 384 256C384 234 382.9 212.6 380.8 192H503.9zM493.4 160H376.7C366.7 96.14 346.9 42.62 321.4 8.442C399.8 29.09 463.4 85.94 493.4 160zM344.3 160H167.7C173.8 123.6 183.2 91.38 194.7 65.35C205.2 41.74 216.9 24.61 228.2 13.81C239.4 3.178 248.7 0 256 0C263.3 0 272.6 3.178 283.8 13.81C295.1 24.61 306.8 41.74 317.3 65.35C328.8 91.38 338.2 123.6 344.3 160H344.3zM18.61 160C48.59 85.94 112.2 29.09 190.6 8.442C165.1 42.62 145.3 96.14 135.3 160H18.61zM131.2 192C129.1 212.6 127.1 234 127.1 256C127.1 277.1 129.1 299.4 131.2 320H8.065C2.8 299.5 0 278.1 0 256C0 233.9 2.8 212.5 8.065 192H131.2zM194.7 446.6C183.2 420.6 173.8 388.4 167.7 352H344.3C338.2 388.4 328.8 420.6 317.3 446.6C306.8 470.3 295.1 487.4 283.8 498.2C272.6 508.8 263.3 512 255.1 512C248.7 512 239.4 508.8 228.2 498.2C216.9 487.4 205.2 470.3 194.7 446.6H194.7zM190.6 503.6C112.2 482.9 48.59 426.1 18.61 352H135.3C145.3 415.9 165.1 469.4 190.6 503.6V503.6zM321.4 503.6C346.9 469.4 366.7 415.9 376.7 352H493.4C463.4 426.1 399.8 482.9 321.4 503.6V503.6z\"><\/path><\/svg><\/div><div class=\"uagb-ifb-title-wrap\"><h3 class=\"uagb-ifb-title\">Transparence et s\u00e9curit\u00e9<\/h3><\/div><p class=\"uagb-ifb-desc\">Nous op\u00e9rons avec une transparence totale. Toutes les conditions d\u2019investissement sont clairement d\u00e9finies, et vos fonds sont s\u00e9curis\u00e9s par des accords l\u00e9gaux et prot\u00e9g\u00e9s par des actifs.<\/p><\/div><\/div><\/div>\n\n\n\n<div class=\"wp-block-uagb-info-box uagb-block-1fa303e0 uagb-infobox__content-wrap  uagb-infobox-icon-above-title uagb-infobox-image-valign-top wp-block-uagb-info-box--has-margin\"><div class=\"uagb-infobox-margin-wrapper\"><div class=\"uagb-ifb-content\"><div class=\"uagb-ifb-icon-wrap\"><svg xmlns=\"https:\/\/www.w3.org\/2000\/svg\" viewbox=\"0 0 512 512\"><path d=\"M256-.0078C260.7-.0081 265.2 1.008 269.4 2.913L457.7 82.79C479.7 92.12 496.2 113.8 496 139.1C495.5 239.2 454.7 420.7 282.4 503.2C265.7 511.1 246.3 511.1 229.6 503.2C57.25 420.7 16.49 239.2 15.1 139.1C15.87 113.8 32.32 92.12 54.3 82.79L242.7 2.913C246.8 1.008 251.4-.0081 256-.0078V-.0078zM256 444.8C393.1 378 431.1 230.1 432 141.4L256 66.77L256 444.8z\"><\/path><\/svg><\/div><div class=\"uagb-ifb-title-wrap\"><h3 class=\"uagb-ifb-title\">\u00c0 l\u2019\u00e9preuve des r\u00e9cessions<\/h3><\/div><p class=\"uagb-ifb-desc\"><br>Votre situation financi\u00e8re ne devrait pas d\u00e9pendre des d\u00e9cisions politiques, des conditions \u00e9conomiques ou des conflits internationaux. Diversifiez vos placements avec nous afin de vous assurer un revenu stable, quelles que soient les circonstances ext\u00e9rieures.<br><br><\/p><\/div><\/div><\/div>\n<\/div><\/div>\n\n\n\n<div class=\"wp-block-uagb-container uagb-block-c6306452 alignfull uagb-is-root-container\"><div class=\"uagb-container-inner-blocks-wrap\">\n<div class=\"wp-block-uagb-call-to-action uagb-block-f5c2c5f3 wp-block-button\"><div class=\"uagb-cta__wrap\"><h2 class=\"uagb-cta__title\">PARLEZ-NOUS<\/h2><p class=\"uagb-cta__desc\">Des questions ? Nous sommes toujours disponibles pour discuter de nos services et pour \u00e9tablir une entente adapt\u00e9e \u00e0 vos besoins.<\/p><\/div><div class=\"uagb-cta__buttons\"><a href=\"\/fr\/contact\/\" class=\"uagb-cta__button-link-wrapper wp-block-button__link\" target=\"_self\" rel=\"noopener noreferrer\">NOUS CONTACTER<\/a><\/div><\/div>\n<\/div><\/div>","protected":false},"excerpt":{"rendered":"<p>Who are we? Meet the team! Our Competitive Advantages<\/p>","protected":false},"author":1,"featured_media":0,"parent":0,"menu_order":0,"comment_status":"closed","ping_status":"closed","template":"","meta":{"_uag_custom_page_level_css":"","_monsterinsights_skip_tracking":false,"_monsterinsights_sitenote_active":false,"_monsterinsights_sitenote_note":"","_monsterinsights_sitenote_category":0,"site-sidebar-layout":"default","site-content-layout":"","ast-site-content-layout":"default","site-content-style":"default","site-sidebar-style":"default","ast-global-header-display":"","ast-banner-title-visibility":"","ast-main-header-display":"","ast-hfb-above-header-display":"","ast-hfb-below-header-display":"","ast-hfb-mobile-header-display":"","site-post-title":"disabled","ast-breadcrumbs-content":"","ast-featured-img":"","footer-sml-layout":"","ast-disable-related-posts":"","theme-transparent-header-meta":"enabled","adv-header-id-meta":"","stick-header-meta":"","header-above-stick-meta":"","header-main-stick-meta":"","header-below-stick-meta":"","astra-migrate-meta-layouts":"set","ast-page-background-enabled":"default","ast-page-background-meta":{"desktop":{"background-color":"var(--ast-global-color-4)","background-image":"","background-repeat":"repeat","background-position":"center center","background-size":"auto","background-attachment":"scroll","background-type":"","background-media":"","overlay-type":"","overlay-color":"","overlay-opacity":"","overlay-gradient":""},"tablet":{"background-color":"","background-image":"","background-repeat":"repeat","background-position":"center center","background-size":"auto","background-attachment":"scroll","background-type":"","background-media":"","overlay-type":"","overlay-color":"","overlay-opacity":"","overlay-gradient":""},"mobile":{"background-color":"","background-image":"","background-repeat":"repeat","background-position":"center center","background-size":"auto","background-attachment":"scroll","background-type":"","background-media":"","overlay-type":"","overlay-color":"","overlay-opacity":"","overlay-gradient":""}},"ast-content-background-meta":{"desktop":{"background-color":"var(--ast-global-color-5)","background-image":"","background-repeat":"repeat","background-position":"center center","background-size":"auto","background-attachment":"scroll","background-type":"","background-media":"","overlay-type":"","overlay-color":"","overlay-opacity":"","overlay-gradient":""},"tablet":{"background-color":"var(--ast-global-color-5)","background-image":"","background-repeat":"repeat","background-position":"center center","background-size":"auto","background-attachment":"scroll","background-type":"","background-media":"","overlay-type":"","overlay-color":"","overlay-opacity":"","overlay-gradient":""},"mobile":{"background-color":"var(--ast-global-color-5)","background-image":"","background-repeat":"repeat","background-position":"center center","background-size":"auto","background-attachment":"scroll","background-type":"","background-media":"","overlay-type":"","overlay-color":"","overlay-opacity":"","overlay-gradient":""}},"footnotes":""},"class_list":["post-107","page","type-page","status-publish","hentry"],"aioseo_notices":[],"uagb_featured_image_src":{"full":false,"thumbnail":false,"medium":false,"medium_large":false,"large":false,"1536x1536":false,"2048x2048":false,"trp-custom-language-flag":false,"mailpoet_newsletter_max":false},"uagb_author_info":{"display_name":"Admin","author_link":"https:\/\/veritableventure.ca\/fr\/author\/yourname\/"},"uagb_comment_info":0,"uagb_excerpt":"Who are we? Meet the team! Our Competitive Advantages","_links":{"self":[{"href":"https:\/\/veritableventure.ca\/fr\/wp-json\/wp\/v2\/pages\/107","targetHints":{"allow":["GET"]}}],"collection":[{"href":"https:\/\/veritableventure.ca\/fr\/wp-json\/wp\/v2\/pages"}],"about":[{"href":"https:\/\/veritableventure.ca\/fr\/wp-json\/wp\/v2\/types\/page"}],"author":[{"embeddable":true,"href":"https:\/\/veritableventure.ca\/fr\/wp-json\/wp\/v2\/users\/1"}],"replies":[{"embeddable":true,"href":"https:\/\/veritableventure.ca\/fr\/wp-json\/wp\/v2\/comments?post=107"}],"version-history":[{"count":61,"href":"https:\/\/veritableventure.ca\/fr\/wp-json\/wp\/v2\/pages\/107\/revisions"}],"predecessor-version":[{"id":2368,"href":"https:\/\/veritableventure.ca\/fr\/wp-json\/wp\/v2\/pages\/107\/revisions\/2368"}],"wp:attachment":[{"href":"https:\/\/veritableventure.ca\/fr\/wp-json\/wp\/v2\/media?parent=107"}],"curies":[{"name":"wp","href":"https:\/\/api.w.org\/{rel}","templated":true}]}}